{"id":2138,"date":"2024-02-14T14:30:49","date_gmt":"2024-02-14T13:30:49","guid":{"rendered":"http:\/\/www.deux-ponts.fr\/politique-de-confidentialite-2\/"},"modified":"2024-02-29T12:11:31","modified_gmt":"2024-02-29T11:11:31","slug":"privacy-policy","status":"publish","type":"page","link":"https:\/\/www.deux-ponts.fr\/en\/privacy-policy\/","title":{"rendered":"Privacy policy"},"content":{"rendered":"\t\t<div data-elementor-type=\"wp-page\" data-elementor-id=\"2138\" class=\"elementor elementor-2138\" data-elementor-post-type=\"page\">\n\t\t\t\t<div class=\"elementor-element elementor-element-28bccc9 e-flex e-con-boxed e-con e-parent\" data-id=\"28bccc9\" data-element_type=\"container\" data-e-type=\"container\">\n\t\t\t\t\t<div class=\"e-con-inner\">\n\t\t\t\t<div class=\"elementor-element elementor-element-596ef19 elementor-widget elementor-widget-heading\" data-id=\"596ef19\" data-element_type=\"widget\" data-e-type=\"widget\" data-widget_type=\"heading.default\">\n\t\t\t\t<div class=\"elementor-widget-container\">\n\t\t\t\t\t<h1 class=\"elementor-heading-title elementor-size-default\">Politique de confidentialit\u00e9<\/h1>\t\t\t\t<\/div>\n\t\t\t\t<\/div>\n\t\t\t\t<div class=\"elementor-element elementor-element-9e18471 elementor-widget elementor-widget-text-editor\" data-id=\"9e18471\" data-element_type=\"widget\" data-e-type=\"widget\" data-widget_type=\"text-editor.default\">\n\t\t\t\t<div class=\"elementor-widget-container\">\n\t\t\t\t\t\t\t\t\t<h2>1. Pr\u00e9sentation du site<\/h2><p>En vertu de l\u2019article 6 de la loi n\u00b0 2004-575 du 21 juin 2004 pour la confiance dans l\u2019\u00e9conomie num\u00e9rique, il est pr\u00e9cis\u00e9 aux utilisateurs du site\u00a0<a href=\"www.deux-ponts.fr\/\">www.deux-ponts.fr<\/a>\u00a0l\u2019identit\u00e9 des diff\u00e9rents intervenants dans le cadre de sa r\u00e9alisation et de son suivi :<\/p><p>Propri\u00e9taire : DEUXPONTS SAS au capital de 1 064 000 \u20ac &#8211; Siege Social : 5 rue des Condamines, 38320 BRESSON, France &#8211; N\u00b0Siret : 068 500 982<\/p><p>Cr\u00e9ateur : Webiaprod<\/p><p>Responsable publication : DEUXPONTS<\/p><p>Le responsable publication est une personne physique ou une personne morale.<\/p><p>Webmaster : Webiaprod \u2013 contact@webiaprod.fr<\/p><p>H\u00e9bergeur : OVH \u2013 2 rue Kellermann \u2013 59100 Roubaix<\/p><h2>2. Collecte de l\u2019information<\/h2><p>Nous recueillons des informations lorsque vous vous inscrivez sur nos formulaires de contact, de partenariat, de financement et de recrutement. Les informations recueillies incluent votre nom, votre soci\u00e9t\u00e9, votre adresse e-mail, num\u00e9ro de t\u00e9l\u00e9phone.<\/p><p>En outre, nous recevons et enregistrons automatiquement des informations \u00e0 partir de votre ordinateur et navigateur, y compris votre adresse IP, vos logiciels et votre mat\u00e9riel, et la page que vous demandez.<\/p><p>Nous conservons vos donn\u00e9es dans la limite de trois ans. Si vous faites une demande pour retirer ou modifier vos donn\u00e9es alors les anciennes seront supprim\u00e9es.<\/p><h2>3. Utilisation des informations<\/h2><p>Toutes les informations que nous recueillons aupr\u00e8s de vous peuvent \u00eatre utilis\u00e9es pour :<\/p><ul><li>Personnaliser votre exp\u00e9rience et r\u00e9pondre \u00e0 vos besoins individuels<\/li><li>Am\u00e9liorer notre site Web<\/li><li>Am\u00e9liorer le service client et vos besoins de prise en charge<\/li><li>Vous contacter par e-mail<\/li><li>Administrer une enqu\u00eate<\/li><\/ul><h2>4. Confidentialit\u00e9 du commerce en ligne<\/h2><p>Nous sommes les seuls propri\u00e9taires des informations recueillies sur ce site. Vos informations personnelles ne seront pas vendues, \u00e9chang\u00e9es, transf\u00e9r\u00e9es, ou donn\u00e9es \u00e0 une autre soci\u00e9t\u00e9 pour n\u2019importe quelle raison, sans votre consentement, en dehors de ce qui est n\u00e9cessaire pour r\u00e9pondre \u00e0 une demande.<\/p><h2>5. Divulgation \u00e0 des tiers<\/h2><p>Nous ne vendons, n\u2019\u00e9changeons et ne transf\u00e9rons pas vos informations personnelles identifiables \u00e0 des tiers. Cela ne comprend pas les tierce parties de confiance qui nous aident \u00e0 exploiter notre site Web ou \u00e0 mener nos affaires, tant que ces parties conviennent de garder ces informations confidentielles.<\/p><p>Nous pensons qu\u2019il est n\u00e9cessaire de partager des informations afin d\u2019enqu\u00eater, de pr\u00e9venir ou de prendre des mesures concernant des activit\u00e9s ill\u00e9gales, fraudes pr\u00e9sum\u00e9es, situations impliquant des menaces potentielles \u00e0 la s\u00e9curit\u00e9 physique de toute personne, violations de nos conditions d\u2019utilisation, ou quand la loi nous y contraint.<\/p><p>Les informations non-priv\u00e9es, cependant, peuvent \u00eatre fournies \u00e0 d\u2019autres parties pour le marketing, la publicit\u00e9, ou d\u2019autres utilisations.<\/p><h2>6. Protection des informations<\/h2><p>Nous mettons en \u0153uvre une vari\u00e9t\u00e9 de mesures de s\u00e9curit\u00e9 pour pr\u00e9server la s\u00e9curit\u00e9 de vos informations personnelles. Nous utilisons un cryptage \u00e0 la pointe de la technologie pour prot\u00e9ger les informations sensibles transmises en ligne. Nous prot\u00e9geons \u00e9galement vos informations hors ligne. Seuls les employ\u00e9s qui ont besoin d\u2019effectuer un travail sp\u00e9cifique (par exemple, la facturation ou le service \u00e0 la client\u00e8le) ont acc\u00e8s aux informations personnelles identifiables. Les ordinateurs et serveurs utilis\u00e9s pour stocker des informations personnelles identifiables sont conserv\u00e9s dans un environnement s\u00e9curis\u00e9.<\/p><p><b>Est-ce que nous utilisons des cookies ?<\/b><\/p><p>Oui. Nos cookies am\u00e9liorent l\u2019acc\u00e8s \u00e0 notre site et identifient les visiteurs r\u00e9guliers. En outre, nos cookies am\u00e9liorent l\u2019exp\u00e9rience d\u2019utilisateur gr\u00e2ce au suivi et au ciblage de ses int\u00e9r\u00eats. Cependant, cette utilisation des cookies n\u2019est en aucune fa\u00e7on li\u00e9e \u00e0 des informations personnelles identifiables sur notre site.<\/p><h2>7. Se d\u00e9sabonner<\/h2><p>Nous utilisons l\u2019adresse e-mail que vous fournissez pour vous envoyer des informations et mises \u00e0 jour relatives \u00e0 votre commande, des nouvelles de l\u2019entreprise de fa\u00e7on occasionnelle, des informations sur des produits li\u00e9s, etc. Si \u00e0 n\u2019importe quel moment vous souhaitez vous d\u00e9sinscrire et ne plus recevoir d\u2019e-mails, des instructions de d\u00e9sabonnement d\u00e9taill\u00e9es sont incluses en bas de chaque e-mail. De plus, vous pouvez faire votre demande de d\u00e9sabonnement ou de modification des donn\u00e9es \u00e0 caract\u00e8re personnel \u00e0 :\u00a0social@deux-ponts.fr.<\/p><h2>8. Consentement<\/h2><p>En utilisant notre site, vous consentez \u00e0 notre politique de confidentialit\u00e9.<\/p>\t\t\t\t\t\t\t\t<\/div>\n\t\t\t\t<\/div>\n\t\t\t\t\t<\/div>\n\t\t\t\t<\/div>\n\t\t\t\t<\/div>\n\t\t","protected":false},"excerpt":{"rendered":"<p>Politique de confidentialit\u00e9 1. Pr\u00e9sentation du site En vertu de l\u2019article 6 de la loi n\u00b0 2004-575 du 21 juin 2004 pour la confiance dans l\u2019\u00e9conomie num\u00e9rique, il est pr\u00e9cis\u00e9 aux utilisateurs du site\u00a0www.deux-ponts.fr\u00a0l\u2019identit\u00e9 des diff\u00e9rents intervenants dans le cadre de sa r\u00e9alisation et de son suivi : Propri\u00e9taire : DEUXPONTS SAS au capital de &#8230; <a title=\"Privacy policy\" class=\"read-more\" href=\"https:\/\/www.deux-ponts.fr\/en\/privacy-policy\/\" aria-label=\"Read more about Privacy policy\">Read more<\/a><\/p>\n","protected":false},"author":1,"featured_media":0,"parent":0,"menu_order":0,"comment_status":"closed","ping_status":"closed","template":"","meta":{"footnotes":""},"class_list":["post-2138","page","type-page","status-publish"],"yoast_head":"<!-- This site is optimized with the Yoast SEO plugin v27.0 - https:\/\/yoast.com\/product\/yoast-seo-wordpress\/ -->\n<title>Privacy policy - Les Deux Ponts<\/title>\n<meta name=\"robots\" content=\"index, follow, max-snippet:-1, max-image-preview:large, max-video-preview:-1\" \/>\n<link rel=\"canonical\" href=\"https:\/\/www.deux-ponts.fr\/en\/privacy-policy\/\" \/>\n<meta property=\"og:locale\" content=\"en_US\" \/>\n<meta property=\"og:type\" content=\"article\" \/>\n<meta property=\"og:title\" content=\"Privacy policy - Les Deux Ponts\" \/>\n<meta property=\"og:description\" content=\"Politique de confidentialit\u00e9 1. Pr\u00e9sentation du site En vertu de l\u2019article 6 de la loi n\u00b0 2004-575 du 21 juin 2004 pour la confiance dans l\u2019\u00e9conomie num\u00e9rique, il est pr\u00e9cis\u00e9 aux utilisateurs du site\u00a0www.deux-ponts.fr\u00a0l\u2019identit\u00e9 des diff\u00e9rents intervenants dans le cadre de sa r\u00e9alisation et de son suivi : Propri\u00e9taire : DEUXPONTS SAS au capital de ... Read more\" \/>\n<meta property=\"og:url\" content=\"https:\/\/www.deux-ponts.fr\/en\/privacy-policy\/\" \/>\n<meta property=\"og:site_name\" content=\"Les Deux Ponts\" \/>\n<meta property=\"article:modified_time\" content=\"2024-02-29T11:11:31+00:00\" \/>\n<meta name=\"twitter:card\" content=\"summary_large_image\" \/>\n<meta name=\"twitter:label1\" content=\"Est. reading time\" \/>\n\t<meta name=\"twitter:data1\" content=\"4 minutes\" \/>\n<script type=\"application\/ld+json\" class=\"yoast-schema-graph\">{\"@context\":\"https:\/\/schema.org\",\"@graph\":[{\"@type\":\"WebPage\",\"@id\":\"https:\/\/www.deux-ponts.fr\/en\/privacy-policy\/\",\"url\":\"https:\/\/www.deux-ponts.fr\/en\/privacy-policy\/\",\"name\":\"Privacy policy - Les Deux Ponts\",\"isPartOf\":{\"@id\":\"https:\/\/www.deux-ponts.fr\/en\/#website\"},\"datePublished\":\"2024-02-14T13:30:49+00:00\",\"dateModified\":\"2024-02-29T11:11:31+00:00\",\"breadcrumb\":{\"@id\":\"https:\/\/www.deux-ponts.fr\/en\/privacy-policy\/#breadcrumb\"},\"inLanguage\":\"en-US\",\"potentialAction\":[{\"@type\":\"ReadAction\",\"target\":[\"https:\/\/www.deux-ponts.fr\/en\/privacy-policy\/\"]}]},{\"@type\":\"BreadcrumbList\",\"@id\":\"https:\/\/www.deux-ponts.fr\/en\/privacy-policy\/#breadcrumb\",\"itemListElement\":[{\"@type\":\"ListItem\",\"position\":1,\"name\":\"Accueil\",\"item\":\"https:\/\/www.deux-ponts.fr\/en\/\"},{\"@type\":\"ListItem\",\"position\":2,\"name\":\"Privacy policy\"}]},{\"@type\":\"WebSite\",\"@id\":\"https:\/\/www.deux-ponts.fr\/en\/#website\",\"url\":\"https:\/\/www.deux-ponts.fr\/en\/\",\"name\":\"Les Deux Ponts\",\"description\":\"\",\"publisher\":{\"@id\":\"https:\/\/www.deux-ponts.fr\/en\/#organization\"},\"potentialAction\":[{\"@type\":\"SearchAction\",\"target\":{\"@type\":\"EntryPoint\",\"urlTemplate\":\"https:\/\/www.deux-ponts.fr\/en\/?s={search_term_string}\"},\"query-input\":{\"@type\":\"PropertyValueSpecification\",\"valueRequired\":true,\"valueName\":\"search_term_string\"}}],\"inLanguage\":\"en-US\"},{\"@type\":\"Organization\",\"@id\":\"https:\/\/www.deux-ponts.fr\/en\/#organization\",\"name\":\"Les Deux Ponts\",\"url\":\"https:\/\/www.deux-ponts.fr\/en\/\",\"logo\":{\"@type\":\"ImageObject\",\"inLanguage\":\"en-US\",\"@id\":\"https:\/\/www.deux-ponts.fr\/en\/#\/schema\/logo\/image\/\",\"url\":\"https:\/\/www.deux-ponts.fr\/wp-content\/uploads\/2024\/02\/deuxponts-logo.svg\",\"contentUrl\":\"https:\/\/www.deux-ponts.fr\/wp-content\/uploads\/2024\/02\/deuxponts-logo.svg\",\"width\":522,\"height\":102,\"caption\":\"Les Deux Ponts\"},\"image\":{\"@id\":\"https:\/\/www.deux-ponts.fr\/en\/#\/schema\/logo\/image\/\"}}]}<\/script>\n<!-- \/ Yoast SEO plugin. -->","yoast_head_json":{"title":"Privacy policy - Les Deux Ponts","robots":{"index":"index","follow":"follow","max-snippet":"max-snippet:-1","max-image-preview":"max-image-preview:large","max-video-preview":"max-video-preview:-1"},"canonical":"https:\/\/www.deux-ponts.fr\/en\/privacy-policy\/","og_locale":"en_US","og_type":"article","og_title":"Privacy policy - Les Deux Ponts","og_description":"Politique de confidentialit\u00e9 1. Pr\u00e9sentation du site En vertu de l\u2019article 6 de la loi n\u00b0 2004-575 du 21 juin 2004 pour la confiance dans l\u2019\u00e9conomie num\u00e9rique, il est pr\u00e9cis\u00e9 aux utilisateurs du site\u00a0www.deux-ponts.fr\u00a0l\u2019identit\u00e9 des diff\u00e9rents intervenants dans le cadre de sa r\u00e9alisation et de son suivi : Propri\u00e9taire : DEUXPONTS SAS au capital de ... Read more","og_url":"https:\/\/www.deux-ponts.fr\/en\/privacy-policy\/","og_site_name":"Les Deux Ponts","article_modified_time":"2024-02-29T11:11:31+00:00","twitter_card":"summary_large_image","twitter_misc":{"Est. reading time":"4 minutes"},"schema":{"@context":"https:\/\/schema.org","@graph":[{"@type":"WebPage","@id":"https:\/\/www.deux-ponts.fr\/en\/privacy-policy\/","url":"https:\/\/www.deux-ponts.fr\/en\/privacy-policy\/","name":"Privacy policy - Les Deux Ponts","isPartOf":{"@id":"https:\/\/www.deux-ponts.fr\/en\/#website"},"datePublished":"2024-02-14T13:30:49+00:00","dateModified":"2024-02-29T11:11:31+00:00","breadcrumb":{"@id":"https:\/\/www.deux-ponts.fr\/en\/privacy-policy\/#breadcrumb"},"inLanguage":"en-US","potentialAction":[{"@type":"ReadAction","target":["https:\/\/www.deux-ponts.fr\/en\/privacy-policy\/"]}]},{"@type":"BreadcrumbList","@id":"https:\/\/www.deux-ponts.fr\/en\/privacy-policy\/#breadcrumb","itemListElement":[{"@type":"ListItem","position":1,"name":"Accueil","item":"https:\/\/www.deux-ponts.fr\/en\/"},{"@type":"ListItem","position":2,"name":"Privacy policy"}]},{"@type":"WebSite","@id":"https:\/\/www.deux-ponts.fr\/en\/#website","url":"https:\/\/www.deux-ponts.fr\/en\/","name":"Les Deux Ponts","description":"","publisher":{"@id":"https:\/\/www.deux-ponts.fr\/en\/#organization"},"potentialAction":[{"@type":"SearchAction","target":{"@type":"EntryPoint","urlTemplate":"https:\/\/www.deux-ponts.fr\/en\/?s={search_term_string}"},"query-input":{"@type":"PropertyValueSpecification","valueRequired":true,"valueName":"search_term_string"}}],"inLanguage":"en-US"},{"@type":"Organization","@id":"https:\/\/www.deux-ponts.fr\/en\/#organization","name":"Les Deux Ponts","url":"https:\/\/www.deux-ponts.fr\/en\/","logo":{"@type":"ImageObject","inLanguage":"en-US","@id":"https:\/\/www.deux-ponts.fr\/en\/#\/schema\/logo\/image\/","url":"https:\/\/www.deux-ponts.fr\/wp-content\/uploads\/2024\/02\/deuxponts-logo.svg","contentUrl":"https:\/\/www.deux-ponts.fr\/wp-content\/uploads\/2024\/02\/deuxponts-logo.svg","width":522,"height":102,"caption":"Les Deux Ponts"},"image":{"@id":"https:\/\/www.deux-ponts.fr\/en\/#\/schema\/logo\/image\/"}}]}},"_links":{"self":[{"href":"https:\/\/www.deux-ponts.fr\/en\/wp-json\/wp\/v2\/pages\/2138","targetHints":{"allow":["GET"]}}],"collection":[{"href":"https:\/\/www.deux-ponts.fr\/en\/wp-json\/wp\/v2\/pages"}],"about":[{"href":"https:\/\/www.deux-ponts.fr\/en\/wp-json\/wp\/v2\/types\/page"}],"author":[{"embeddable":true,"href":"https:\/\/www.deux-ponts.fr\/en\/wp-json\/wp\/v2\/users\/1"}],"replies":[{"embeddable":true,"href":"https:\/\/www.deux-ponts.fr\/en\/wp-json\/wp\/v2\/comments?post=2138"}],"version-history":[{"count":1,"href":"https:\/\/www.deux-ponts.fr\/en\/wp-json\/wp\/v2\/pages\/2138\/revisions"}],"predecessor-version":[{"id":2139,"href":"https:\/\/www.deux-ponts.fr\/en\/wp-json\/wp\/v2\/pages\/2138\/revisions\/2139"}],"wp:attachment":[{"href":"https:\/\/www.deux-ponts.fr\/en\/wp-json\/wp\/v2\/media?parent=2138"}],"curies":[{"name":"wp","href":"https:\/\/api.w.org\/{rel}","templated":true}]}}